{"id":440,"date":"2026-01-27T15:26:34","date_gmt":"2026-01-27T15:26:34","guid":{"rendered":"https:\/\/ralf-mueller-theodor-mueller-hamburg.de\/?page_id=440"},"modified":"2026-01-27T15:46:04","modified_gmt":"2026-01-27T15:46:04","slug":"elementor-440","status":"publish","type":"page","link":"https:\/\/ralf-mueller-theodor-mueller-hamburg.de\/?page_id=440","title":{"rendered":"Elementor #440"},"content":{"rendered":"\n\n\n<h1 class=\"wp-block-heading has-global-padding is-layout-constrained wp-container-core-group-is-layout-650790e1 wp-block-group-is-layout-constrained wp-container-core-group-is-layout-490fa1db\">Ein Engagement f\u00fcr Innovation und Nachhaltigkeit<\/h1>\n\n\n\n\n<p>\u00c9tudes ist ein bahnbrechendes Unternehmen, das Kreativit\u00e4t und Funktionalit\u00e4t nahtlos miteinander verbindet, um architektonische Spitzenleistungen neu zu definieren.<\/p>\n\n\n\n\n\n<a class=\"is-content-justification-center is-layout-flex wp-container-core-buttons-is-layout-a89b3969 wp-block-buttons-is-layout-flex\">\u00dcber uns<\/a>\n\n\n\n\n\n\n<figure class=\"is-style-rounded--1\"><img data-recalc-dims=\"1\" decoding=\"async\" src=\"https:\/\/i0.wp.com\/ralf-mueller-theodor-mueller-hamburg.de\/wp-content\/themes\/twentytwentyfour\/assets\/images\/building-exterior.webp?ssl=1\" alt=\"\u00c4u\u00dferes Geb\u00e4ude in Toronto, Kanada\"\/><\/figure>\n\n\n\n\n\n<h2 class=\"wp-block-heading is-vertical is-content-justification-center is-layout-flex wp-container-core-group-is-layout-52b864f0 wp-block-group-is-layout-flex has-global-padding is-layout-constrained wp-container-core-group-is-layout-669513ed wp-block-group-is-layout-constrained\">Eine Leidenschaft f\u00fcr die Gestaltung von R\u00e4umen<\/h2>\n\n\n\n\n<p>Unser umfassendes Angebot an professionellen Dienstleistungen richtet sich an einen breit gef\u00e4cherten Kundenkreis, der von Hausbesitzern bis hin zu gewerblichen Bautr\u00e4gern reicht.<\/p>\n\n\n\n\n\n\n\n<h3 class=\"wp-block-heading is-layout-flow wp-container-core-column-is-layout-e3d1c41b wp-block-column-is-layout-flow is-layout-flex wp-container-core-columns-is-layout-d0bbbce0 wp-block-columns-is-layout-flex\" style=\"font-style:normal;font-weight:600\">Renovierung und Restaurierung<\/h3>\n\n\n<p>Erlebe die Verschmelzung von Fantasie und Fachwissen mit \u00c9tudes Architektonische L\u00f6sungen.<\/p>\n\n\n\n\n<h3 class=\"wp-block-heading is-layout-flow wp-container-core-column-is-layout-e3d1c41b wp-block-column-is-layout-flow\" style=\"font-style:normal;font-weight:600\">Fortlaufender Support<\/h3>\n\n\n<p>Erlebe die Verschmelzung von Fantasie und Fachwissen mit \u00c9tudes Architektonische L\u00f6sungen.<\/p>\n\n\n\n\n<h3 class=\"wp-block-heading is-layout-flow wp-container-core-column-is-layout-e3d1c41b wp-block-column-is-layout-flow\" style=\"font-style:normal;font-weight:600\">App-Zugang<\/h3>\n\n\n<p>Erlebe die Verschmelzung von Fantasie und Fachwissen mit \u00c9tudes Architektonische L\u00f6sungen.<\/p>\n\n\n\n\n\n\n\n\n<h3 class=\"wp-block-heading is-layout-flow wp-container-core-column-is-layout-e3d1c41b wp-block-column-is-layout-flow is-layout-flex wp-container-core-columns-is-layout-d0bbbce0 wp-block-columns-is-layout-flex\" style=\"font-style:normal;font-weight:600\">Beratung<\/h3>\n\n\n<p>Erlebe die Verschmelzung von Fantasie und Fachwissen mit \u00c9tudes Architektonische L\u00f6sungen.<\/p>\n\n\n\n\n<h3 class=\"wp-block-heading is-layout-flow wp-container-core-column-is-layout-e3d1c41b wp-block-column-is-layout-flow\" style=\"font-style:normal;font-weight:600\">Projektmanagement<\/h3>\n\n\n<p>Erlebe die Verschmelzung von Fantasie und Fachwissen mit \u00c9tudes Architektonische L\u00f6sungen.<\/p>\n\n\n\n\n<h3 class=\"wp-block-heading is-layout-flow wp-container-core-column-is-layout-e3d1c41b wp-block-column-is-layout-flow\" style=\"font-style:normal;font-weight:600\">Architektonische L\u00f6sungen<\/h3>\n\n\n<p>Erlebe die Verschmelzung von Fantasie und Fachwissen mit \u00c9tudes Architektonische L\u00f6sungen.<\/p>\n\n\n\n\n\n\n\n\n<h2 class=\"wp-block-heading is-vertical is-content-justification-center is-layout-flex wp-container-core-group-is-layout-6329a8f3 wp-block-group-is-layout-flex has-global-padding is-layout-constrained wp-container-core-group-is-layout-19e250f3 wp-block-group-is-layout-constrained wp-container-core-group-is-layout-d89aad35\">Eine Reihe von Ressourcen<\/h2>\n\n\n<p>Unser umfassendes Angebot an professionellen Dienstleistungen richtet sich an einen breit gef\u00e4cherten Kundenkreis, der von Hausbesitzern bis hin zu gewerblichen Bautr\u00e4gern reicht.<\/p>\n\n\n\n\n\n\n\n<h3 class=\"wp-block-heading is-layout-flow wp-block-column-is-layout-flow is-layout-flex wp-container-core-columns-is-layout-d1c656ed wp-block-columns-is-layout-flex\">\u00c9tudes Architekt-App<\/h3>\n\n\n<ul class=\"wp-block-list\" style=\"line-height:1.75\">\n<li>Arbeite mit anderen Architekten zusammen.<\/li>\n\n\n<li>Stelle deine Projekte vor.<\/li>\n\n\n<li>Erlebe die Welt der Architektur.<\/li>\n<\/ul>\n\n\n\n\n<figure class=\"is-style-rounded--2 is-layout-flow wp-block-column-is-layout-flow\"><img data-recalc-dims=\"1\" decoding=\"async\" src=\"https:\/\/i0.wp.com\/ralf-mueller-theodor-mueller-hamburg.de\/wp-content\/themes\/twentytwentyfour\/assets\/images\/tourist-and-building.webp?ssl=1\" alt=\"Tourist beim Fotografieren eines Geb\u00e4udes\"\/><\/figure>\n\n\n\n\n\n\n\n\n<figure class=\"is-style-rounded--3 is-layout-flow wp-block-column-is-layout-flow is-layout-flex wp-container-core-columns-is-layout-d1c656ed wp-block-columns-is-layout-flex\"><img data-recalc-dims=\"1\" decoding=\"async\" src=\"https:\/\/i0.wp.com\/ralf-mueller-theodor-mueller-hamburg.de\/wp-content\/themes\/twentytwentyfour\/assets\/images\/windows.webp?ssl=1\" alt=\"Fenster eines Geb\u00e4udes in N\u00fcrnberg, Deutschland\"\/><\/figure>\n\n\n\n\n<h3 class=\"wp-block-heading is-layout-flow wp-block-column-is-layout-flow\">\u00c9tudes-Newsletter<\/h3>\n\n\n<ul class=\"wp-block-list\" style=\"line-height:1.75\">\n<li>Eine Welt voller zum Nachdenken anregender Artikel.<\/li>\n\n\n<li>Fallstudien, die die Architektur feiern.<\/li>\n\n\n<li>Exklusiver Zugang zu Design-Einblicken.<\/li>\n<\/ul>\n\n\n\n\n\n\n\n\n<p class=\"has-global-padding is-layout-constrained wp-block-group-is-layout-constrained wp-container-core-group-is-layout-ef3d885c\" style=\"line-height:1.2\">\n\t\t\t<em>\u201e\u00c9tudes hat uns Tausende von Arbeitsstunden erspart und uns Einblicke verschafft, die wir nie f\u00fcr m\u00f6glich gehalten h\u00e4tten.\u201c<\/em>\n\t\t<\/p>\n\n\n\n\n\n\n<p class=\"is-vertical is-content-justification-center is-nowrap is-layout-flex wp-container-core-group-is-layout-2dc08cea wp-block-group-is-layout-flex\" style=\"margin-top:var(--wp--preset--spacing--10);margin-bottom:0\">Annie Steiner<\/p>\n\n\n<p style=\"font-style:normal;font-weight:300\">CEO, Greenprint<\/p>\n\n\n\n\n\n\n<h2 class=\"wp-block-heading has-global-padding is-layout-constrained wp-container-core-group-is-layout-d89aad35 wp-block-group-is-layout-constrained\" style=\"margin-top:0;margin-bottom:var(--wp--preset--spacing--40);line-height:1\">Sehen, lesen, h\u00f6ren<\/h2>\n\n\n\n\n\n\n\n<div class=\"wp-block-query-no-results is-layout-flow wp-block-query-is-layout-flow has-global-padding is-layout-constrained wp-block-group-is-layout-constrained\">\n\n<p>Es wurden keine Beitr\u00e4ge gefunden.<\/p>\n\n<\/div>\n\n\n\n\n\n\n\n\n<h2 class=\"wp-block-heading has-global-padding is-layout-constrained wp-container-core-group-is-layout-39412042 wp-block-group-is-layout-constrained wp-container-core-group-is-layout-d89aad35\">Schlie\u00dfe dich 900+ Abonnenten an<\/h2>\n\n\n<p>Bleibe auf dem Laufenden mit allem, was du wissen musst.<\/p>\n\n\n\n<a class=\"is-content-justification-center is-layout-flex wp-container-core-buttons-is-layout-a89b3969 wp-block-buttons-is-layout-flex\">Registrieren<\/a>\n\n\n\n\n\n","protected":false},"excerpt":{"rendered":"<p>Ein Engagement f\u00fcr Innovation und Nachhaltigkeit \u00c9tudes ist ein bahnbrechendes Unternehmen, das Kreativit\u00e4t und Funktionalit\u00e4t nahtlos miteinander verbindet, um architektonische Spitzenleistungen neu zu definieren. Eine Leidenschaft f\u00fcr die Gestaltung von R\u00e4umen Unser umfassendes Angebot an professionellen Dienstleistungen richtet sich an einen breit gef\u00e4cherten Kundenkreis, der von Hausbesitzern bis hin zu gewerblichen Bautr\u00e4gern reicht. Renovierung und [&hellip;]<\/p>\n","protected":false},"author":1,"featured_media":0,"parent":0,"menu_order":0,"comment_status":"closed","ping_status":"closed","template":"","meta":{"footnotes":""},"class_list":["post-440","page","type-page","status-publish","hentry"],"jetpack_sharing_enabled":true,"_links":{"self":[{"href":"https:\/\/ralf-mueller-theodor-mueller-hamburg.de\/index.php?rest_route=\/wp\/v2\/pages\/440","targetHints":{"allow":["GET"]}}],"collection":[{"href":"https:\/\/ralf-mueller-theodor-mueller-hamburg.de\/index.php?rest_route=\/wp\/v2\/pages"}],"about":[{"href":"https:\/\/ralf-mueller-theodor-mueller-hamburg.de\/index.php?rest_route=\/wp\/v2\/types\/page"}],"author":[{"embeddable":true,"href":"https:\/\/ralf-mueller-theodor-mueller-hamburg.de\/index.php?rest_route=\/wp\/v2\/users\/1"}],"replies":[{"embeddable":true,"href":"https:\/\/ralf-mueller-theodor-mueller-hamburg.de\/index.php?rest_route=%2Fwp%2Fv2%2Fcomments&post=440"}],"version-history":[{"count":4,"href":"https:\/\/ralf-mueller-theodor-mueller-hamburg.de\/index.php?rest_route=\/wp\/v2\/pages\/440\/revisions"}],"predecessor-version":[{"id":444,"href":"https:\/\/ralf-mueller-theodor-mueller-hamburg.de\/index.php?rest_route=\/wp\/v2\/pages\/440\/revisions\/444"}],"wp:attachment":[{"href":"https:\/\/ralf-mueller-theodor-mueller-hamburg.de\/index.php?rest_route=%2Fwp%2Fv2%2Fmedia&parent=440"}],"curies":[{"name":"wp","href":"https:\/\/api.w.org\/{rel}","templated":true}]}}